{"id":30,"date":"2026-02-06T13:34:45","date_gmt":"2026-02-06T13:34:45","guid":{"rendered":"https:\/\/sjilyon.fr\/?page_id=30"},"modified":"2026-02-09T22:04:59","modified_gmt":"2026-02-09T22:04:59","slug":"mentions-legales","status":"publish","type":"page","link":"https:\/\/sjilyon.fr\/index.php\/mentions-legales\/","title":{"rendered":"Mentions l\u00e9gales et contact"},"content":{"rendered":"\n<p><strong>Pour tout contact au sujet de la p\u00e9tition:<br>villeurbannepourlapalestine@gmail.com<\/strong><\/p>\n\n\n\n<p>Pour toute demande de d\u00e9sinscription aux newsletter d&rsquo;information concernant la p\u00e9tition: villeurbannepourlapalestine@gmail.com<\/p>\n\n\n\n<p>Les informations renseign\u00e9es pour participer \u00e0 la p\u00e9tition constituent des donn\u00e9es \u00e0 caract\u00e8re personnel et font l\u2019objet d\u2019un traitement informatique par son auteur le collectif Villeurbanne pour la Palestine , destin\u00e9 \u00e0 enregistrer les signatures pour la campagne. Elles seront conserv\u00e9es uniquement le temps de la campagne, \u00e0 des fins de preuve pour \u00eatre ensuite d\u00e9truites.<\/p>\n\n\n\n<p>Le collectif Villeurbanne pour la Palestine reste le destinataire exclusif de ces informations, qui ne seront pas vendues, lou\u00e9es ou \u00e9chang\u00e9es avec des tiers \u00e0 des fins publicitaire ou promotionnelle. <\/p>\n\n\n\n<p>Vous disposez d\u2019un droit d&rsquo;acc\u00e8s, de rectification aux donn\u00e9es personnelles qui vous concernent, ainsi qu\u2019un droit d\u2019opposition pour motif l\u00e9gitime. Pour exercer ces droits, vous devez \u00e9crire \u00e0 villeurbannepourlapalestine@gmail.com, en indiquant votre nom, pr\u00e9nom, adresse postale et adresse \u00e9lectronique ainsi que le nom de la p\u00e9tition.<\/p>\n\n\n\n<p>Conform\u00e9ment \u00e0 la r\u00e9glementation, la demande doit \u00eatre sign\u00e9e et accompagn\u00e9e de la photocopie d\u2019un titre d\u2019identit\u00e9 portant votre signature et pr\u00e9ciser l\u2019adresse \u00e0 laquelle doit parvenir la r\u00e9ponse. Une r\u00e9ponse sera adress\u00e9e dans un d\u00e9lai maximum de deux mois suivant la r\u00e9ception de la demande.<\/p>\n\n\n\n<p><\/p>\n\n\n\n<p><br>**\u00c9diteur \/ Responsable publication**  <br>Tammouz Al-Douri <br>collectif Villeurbanne pour la Palestine<br>Email : [villeurbannepourlapalestine@gmail.com]  <br><br><br>**H\u00e9bergeur**  <br>OVH  <br>SAS OVH, 2 rue Kellermann, 59100 Roubaix  <br>T\u00e9l : 09 72 10 10 10  <br>SIRET : 503 267 768 00011 <br><br>**Directeur de publication**  <br>Tammouz Al-Douri<br>collectif Villeurbanne pour la Palestine<br>Email : [villeurbannepourlapalestine@gmail.com]  <br><br>**Donn\u00e9es personnelles (RGPD)**  <br>Les signatures (nom, pr\u00e9nom, mail, commune, t\u00e9l opt.) sont collect\u00e9es pour cette p\u00e9tition et actions militantes associ\u00e9es. <br>&#8211; Droit d&rsquo;acc\u00e8s, rectification, suppression : villeurbannepourlapalestine@gmail.com<br>Pas de vente\/partage donn\u00e9es. <br><br>**Propri\u00e9t\u00e9 intellectuelle**  <br>Contenus texte\/images prot\u00e9g\u00e9s. Usage non commercial OK avec mention source.<br><br>**Cr\u00e9dits**  <br>Site d\u00e9velopp\u00e9 avec WordPress + Petitioner (libre).<br><br>Derni\u00e8re mise \u00e0 jour : 06\/02\/2026<\/p>\n","protected":false},"excerpt":{"rendered":"<p>Pour tout contact au sujet de la p\u00e9tition:villeurbannepourlapalestine@gmail.com Pour toute demande de d\u00e9sinscription aux newsletter d&rsquo;information concernant la p\u00e9tition: villeurbannepourlapalestine@gmail.com Les informations renseign\u00e9es pour participer \u00e0 la p\u00e9tition constituent des donn\u00e9es \u00e0 caract\u00e8re personnel et font l\u2019objet d\u2019un traitement informatique par son auteur le collectif Villeurbanne pour la Palestine , destin\u00e9 \u00e0 enregistrer les signatures [&hellip;]<\/p>\n","protected":false},"author":1,"featured_media":0,"parent":0,"menu_order":0,"comment_status":"closed","ping_status":"closed","template":"","meta":{"footnotes":""},"class_list":["post-30","page","type-page","status-publish","hentry"],"_links":{"self":[{"href":"https:\/\/sjilyon.fr\/index.php\/wp-json\/wp\/v2\/pages\/30","targetHints":{"allow":["GET"]}}],"collection":[{"href":"https:\/\/sjilyon.fr\/index.php\/wp-json\/wp\/v2\/pages"}],"about":[{"href":"https:\/\/sjilyon.fr\/index.php\/wp-json\/wp\/v2\/types\/page"}],"author":[{"embeddable":true,"href":"https:\/\/sjilyon.fr\/index.php\/wp-json\/wp\/v2\/users\/1"}],"replies":[{"embeddable":true,"href":"https:\/\/sjilyon.fr\/index.php\/wp-json\/wp\/v2\/comments?post=30"}],"version-history":[{"count":5,"href":"https:\/\/sjilyon.fr\/index.php\/wp-json\/wp\/v2\/pages\/30\/revisions"}],"predecessor-version":[{"id":51,"href":"https:\/\/sjilyon.fr\/index.php\/wp-json\/wp\/v2\/pages\/30\/revisions\/51"}],"wp:attachment":[{"href":"https:\/\/sjilyon.fr\/index.php\/wp-json\/wp\/v2\/media?parent=30"}],"curies":[{"name":"wp","href":"https:\/\/api.w.org\/{rel}","templated":true}]}}