{"id":9,"date":"2026-02-06T11:13:41","date_gmt":"2026-02-06T11:13:41","guid":{"rendered":"https:\/\/sjilyon.fr\/?page_id=9"},"modified":"2026-02-10T13:36:38","modified_gmt":"2026-02-10T13:36:38","slug":"pas-de-jumelage-ni-de-partenariat-avec-israel-dans-la-metropole-de-lyon","status":"publish","type":"page","link":"https:\/\/sjilyon.fr\/","title":{"rendered":""},"content":{"rendered":"\n<figure class=\"wp-block-image size-large wp-duotone-duotone-2\"><img loading=\"lazy\" decoding=\"async\" width=\"919\" height=\"1024\" src=\"https:\/\/sjilyon.fr\/wp-content\/uploads\/2026\/02\/Bandeau-919x1024.png\" alt=\"\" class=\"wp-image-43\" srcset=\"https:\/\/sjilyon.fr\/wp-content\/uploads\/2026\/02\/Bandeau-919x1024.png 919w, https:\/\/sjilyon.fr\/wp-content\/uploads\/2026\/02\/Bandeau-269x300.png 269w, https:\/\/sjilyon.fr\/wp-content\/uploads\/2026\/02\/Bandeau-768x856.png 768w, https:\/\/sjilyon.fr\/wp-content\/uploads\/2026\/02\/Bandeau.png 947w\" sizes=\"auto, (max-width: 919px) 100vw, 919px\" \/><\/figure>\n\n\n\n<p>Apr\u00e8s deux ann\u00e9es de campagne g\u00e9nocidaire men\u00e9e par Isra\u00ebl ayant entra\u00een\u00e9 la mort de plus de 70\u00a0000 victimes directes \u00e0 Gaza, dont plus de 80% sont des civils*, et malgr\u00e9 le cessez le feu entr\u00e9 en vigueur le 10 octobre 2025, les actes g\u00e9nocidaires commis par Isra\u00ebl se poursuivent: <strong>plus de 400 tu\u00e9s \u00e0 Gaza depuis le d\u00e9but du cessez-le-feu*, la population est toujours affam\u00e9e tandis que quelques camions humanitaires seulement sont autoris\u00e9s \u00e0 entrer dans la bande de Gaza.<\/strong> L\u2019UNRWA, organisme de secours humanitaire de l\u2019ONU ne peut toujours pas apporter son aide aux Gazaouis malgr\u00e9 l\u2019avis de la Cour internationale de justice du 22 octobre 2025 invitant Isra\u00ebl \u00e0 cesser d\u2019emp\u00eacher son action. La livraison des m\u00e9dicaments et des mat\u00e9riaux n\u00e9cessaires pour la construction d&rsquo;abris et d&rsquo;\u00e9quipements essentiels pour le traitement des eaux us\u00e9es est entrav\u00e9e*. La presse ind\u00e9pendante n\u2019a toujours pas acc\u00e8s \u00e0 Gaza*. Le blocus ill\u00e9gal de la bande de Gaza n\u2019est toujours pas lev\u00e9 et le droit des Palestiniens \u00e0 l\u2019autod\u00e9termination est toujours bafou\u00e9 par Isra\u00ebl et ses alli\u00e9s \u00e9tats-uniens.<\/p>\n\n\n\n<p>Ces nouvelles violations du droit international et du droit international humanitaire s\u2019ajoutent aux pr\u00e9c\u00e9dentes*, nombreuses elles aussi, et s\u2019inscrivent dans la continuit\u00e9 d\u2019une politique de nettoyage ethnique de la Palestine. Elles menacent la paix et la stabilit\u00e9 dans la r\u00e9gion du Moyen-Orient et dans le Monde.<\/p>\n\n\n\n<p>Face \u00e0 des crimes d\u2019une telle ampleur, les Etats et leurs administrations, dont les collectivit\u00e9s locales, ont l\u2019obligation morale et l\u00e9gale de prendre toutes les mesures et sanctions n\u00e9cessaires pour les faire cesser, comme elles l\u2019ont fait face \u00e0 la Russie qui a agress\u00e9 l\u2019Ukraine. <strong>Dans ce contexte, maintenir des relations privil\u00e9gi\u00e9es avec des villes isra\u00e9liennes revient pour nos collectivit\u00e9s \u00e0 normaliser et \u00e0 blanchir les crimes commis par l\u2019Etat isra\u00e9lien.<\/strong><\/p>\n\n\n\n<p>C\u2019est pourquoi nous, citoyens et r\u00e9sidents des villes de Lyon, Villeurbanne et de la M\u00e9tropole de Lyon, demandons aux \u00e9lus locaux de <strong>voter une d\u00e9lib\u00e9ration condamnant la politique isra\u00e9lienne \u00e0 l\u2019\u00e9gard des Palestiniens et pr\u00e9voyant :<\/strong><\/p>\n\n\n\n<ul class=\"wp-block-list\">\n<li>Pour la ville de Lyon et la M\u00e9tropole de Lyon&nbsp;: la <strong>rupture du jumelage<\/strong> (pour la ville) et du partenariat (pour la m\u00e9tropole) avec la ville isra\u00e9lienne de Beer Sheva;<\/li>\n<\/ul>\n\n\n\n<ul class=\"wp-block-list\">\n<li>Pour la ville Villeurbanne&nbsp;: la <strong>rupture du jumelage<\/strong> avec la ville isra\u00e9lienne de Bat Yam dans les m\u00eames conditions.<\/li>\n<\/ul>\n\n\n\n<p>Dans la perspective des \u00e9lections municipales et m\u00e9tropolitaines \u00e0 venir, nous serons particuli\u00e8rement attentifs aux engagements pris par celles et ceux qui aspirent \u00e0 devenir \u00e9lus sur nos demandes.<\/p>\n\n\n\n<p>Nous rejoignons ici la demande de nos concitoyens et concitoyennes de Bordeaux, Montpellier, Valence, Grenoble, Strasbourg, Toulouse et Marseille, qui demandent la fin du jumelage de leur ville avec une localit\u00e9 isra\u00e9lienne.<\/p>\n\n\n\n<p><\/p>\n\n\n\n<p><strong>Les noms des signataires ne seront pas rendus publics.<\/strong><\/p>\n\n\n\n<p><\/p>\n\n\n\n<p><em>Initiateurs de la p\u00e9tition:<\/em><\/p>\n\n\n\n<p><em>Collectif citoyen Villeurbanne pour la Palestine<\/em><\/p>\n\n\n\n<p><em>Collectif 69 de soutien au peuple Palestinien<\/em><\/p>\n\n\n\n<p><em>Si vous \u00eates une association militante ou politique et que vous souhaitez participer \u00e0 la campagne, envoyez-un mail \u00e0 villeurbannepourlapalestine@gmail.com avec votre logo pour qu&rsquo;il soit ajout\u00e9 \u00e0 nos communications.<\/em><\/p>\n\n\n        <div class=\"petitioner\">\n                    <h2 class=\"petitioner__title\">\n            PAS DE JUMELAGE NI DE PARTENARIAT AVEC ISRA\u00cbL DANS LA M\u00c9TROPOLE DE LYON !        <\/h2>\n            <div class=\"petitioner__goal\">\n            <div class=\"petitioner__progress\">\n                <div\n                    class=\"petitioner__progress-bar\"\n                    style=\"width: 85% !important\">\n                <\/div>\n            <\/div>\n\n            <div class=\"petitioner__col\">\n                <span class=\"petitioner__num\">426\n<\/span>\n                <span class=\"petitioner__numlabel\">\n                    Signatures                    <small>(85%)<\/small>\n                <\/span>\n            <\/div>\n\n            <div class=\"petitioner__col petitioner__col--end\">\n                <span class=\"petitioner__num\">500\n<\/span>\n                <span class=\"petitioner__numlabel\">Objectif<\/span>\n            <\/div>\n\n        <\/div>\n\n        <button class=\"petitioner__btn petitioner__btn--letter\">Voir la lettre<\/button>\n\n        <div class=\"petitioner-modal\">\n            <span class=\"petitioner-modal__backdrop\"><\/span>\n            <div class=\"petitioner-modal__letter\">\n                <button class=\"petitioner-modal__close\">&times; <span>Fermer la fen\u00eatre modale<\/span><\/button>\n                <h3>Solidarit\u00e9 avec la Palestine<\/h3>\n                <div class=\"petitioner-modal__inner\">\n                    <p class=\"MsoNormal\" style=\"text-align: justify\">Nous, citoyens et r&eacute;sidents des villes de Lyon, Villeurbanne et de la M&eacute;tropole de Lyon, demandons aux &eacute;lus locaux de <strong>voter une d&eacute;lib&eacute;ration condamnant la politique isra&eacute;lienne &agrave; l&rsquo;&eacute;gard des Palestiniens et pr&eacute;voyant :<\/strong><\/p>\n<ul>\n<li class=\"MsoListParagraphCxSpFirst\" style=\"text-align: justify;text-indent: -18.0pt\"><span style=\"font: 7.0pt 'Times New Roman'\">&nbsp; &nbsp; &nbsp; &nbsp; &nbsp;<\/span>Pour la ville de Lyon et la M&eacute;tropole de Lyon&nbsp;: la <strong>rupture du jumelage<\/strong> (pour la ville) et du partenariat (pour la m&eacute;tropole) avec la ville isra&eacute;lienne de Beer Sheva<\/li>\n<li class=\"MsoListParagraphCxSpLast\" style=\"text-align: justify;text-indent: -18.0pt\"><span dir=\"LTR\">&nbsp; &nbsp; <\/span>Pour la ville Villeurbanne&nbsp;: la <strong>rupture du jumelage<\/strong> avec la ville isra&eacute;lienne de Bat Yam dans les m&ecirc;mes conditions.<\/li>\n<\/ul>\n<p class=\"MsoNormal\" style=\"text-align: justify\">Dans la perspective des &eacute;lections municipales et m&eacute;tropolitaines &agrave; venir, nous serons particuli&egrave;rement attentifs aux engagements pris par celles et ceux qui aspirent &agrave; devenir &eacute;lus sur nos demandes.<\/p>\n<p>&nbsp;<\/p>\n                <\/div>\n                <hr \/>\n                <p>{Votre nom sera ici}<\/p>\n            <\/div>\n        <\/div>\n            <form\n            id=\"petitioner-form-6\"\n            method=\"get\"\n            action=\"https:\/\/sjilyon.fr\/wp-admin\/admin-ajax.php?action=petitioner_form_submit\">\n\n                    <div class=\"petitioner__input\">\n            <label for=\"petitioner_fname\">\n                Pr\u00e9nom (obligatoire)            <\/label>\n            <input\n                type=\"text\"\n                id=\"petitioner_fname\"\n                required                name=\"petitioner_fname\">\n        <\/div>\n\n            <div class=\"petitioner__input\">\n            <label for=\"petitioner_lname\">\n                Nom (obligatoire)            <\/label>\n            <input\n                type=\"text\"\n                id=\"petitioner_lname\"\n                required                name=\"petitioner_lname\">\n        <\/div>\n\n            <div class=\"petitioner__input\">\n            <label for=\"petitioner_city\">\n                Ville (obligatoire)            <\/label>\n            <input\n                type=\"text\"\n                id=\"petitioner_city\"\n                required                name=\"petitioner_city\">\n        <\/div>\n\n            <div class=\"petitioner__input\">\n            <label for=\"petitioner_postal_code\">\n                Code postal (obligatoire)            <\/label>\n            <input\n                type=\"text\"\n                id=\"petitioner_postal_code\"\n                required                name=\"petitioner_postal_code\">\n        <\/div>\n\n            <div class=\"petitioner__input\">\n            <label for=\"petitioner_email\">\n                E-mail (facultatif)            <\/label>\n            <input\n                type=\"email\"\n                id=\"petitioner_email\"\n                required                name=\"petitioner_email\">\n        <\/div>\n\n            <div class=\"petitioner__input\">\n            <label for=\"petitioner_phone\">\n                T\u00e9l\u00e9phone (facultatif)            <\/label>\n            <input\n                type=\"tel\"\n                id=\"petitioner_phone\"\n                                name=\"petitioner_phone\">\n        <\/div>\n\n            <div\n            id=\"petitioner_legal\"\n            class=\"petitioner_legal petitioner-disclaimer-text\">\n            <p>En signant et en laissant mes coordonn\u00e9es, je consens \u00e0 recevoir \u00e0 un rythme mod\u00e9r\u00e9 des informations concernant la p\u00e9tition et les mobilisations pour la Palestine dans ma r\u00e9gion. Je pourrai me d\u00e9sinscrire.<\/p>\n<p>Mon nom n'est pas rendu public.<\/p>        <\/div>\n            <button type=\"submit\" class=\"petitioner__btn petitioner__btn--submit\">\n            Signez la p\u00e9tition        <\/button>\n\n            <input type=\"hidden\" name=\"form_id\" value=\"6\">\n\n                    \n        \n        \n            \n        <\/form>\n                <div class=\"petitioner__response\">\n                <h3><\/h3>\n                <p><\/p>\n            <\/div>\n\n        <\/div>\n    \n\n\n\n<p><strong>Sources<\/strong> (*)<\/p>\n\n\n\n<ul class=\"wp-block-list\">\n<li>Nombre de victimes largement sous-\u00e9valu\u00e9\u00a0: En juillet 224\u00a0d\u00e9j\u00e0, <a href=\"https:\/\/www.thelancet.com\/journals\/lancet\/article\/PIIS0140-6736(24)01169-3\/fulltext\" target=\"_blank\" rel=\"noreferrer noopener\">la revue m\u00e9dicale britannique The Lancet<\/a> estimait pour sa part \u00e0 186\u00a0000 le nombre total de morts \u00e0 Gaza durant les dix premiers mois de la guerre.<\/li>\n\n\n\n<li>Proportion d\u2019apr\u00e8s les propres donn\u00e9es des renseignements militaires isra\u00e9liens en ao\u00fbt 2025\u00a0: <a href=\"https:\/\/www.courrierinternational.com\/article\/le-chiffre-du-jour-la-proportion-de-civils-tues-a-gaza-est-sans-precedent-dans-les-guerres-modernes_234259\">https:\/\/www.courrierinternational.com\/article\/le-chiffre-du-jour-la-proportion-de-civils-tues-a-gaza-est-sans-precedent-dans-les-guerres-modernes_234259<\/a><\/li>\n\n\n\n<li>Source\u00a0:\u00a0 <a href=\"https:\/\/www.amnesty.fr\/conflits-armes-et-populations\/actualites\/genocide-a-gaza-continue-malgre-le-cessez-le-feu\">https:\/\/www.amnesty.fr\/conflits-armes-et-populations\/actualites\/genocide-a-gaza-continue-malgre-le-cessez-le-feu<\/a><\/li>\n\n\n\n<li>Source\u00a0: <a href=\"https:\/\/www.nytimes.com\/2025\/12\/09\/world\/middleeast\/gaza-israel-journalists-access.html\">https:\/\/www.nytimes.com\/2025\/12\/09\/world\/middleeast\/gaza-israel-journalists-access.html<\/a><\/li>\n\n\n\n<li>Le crime d\u2019apartheid et la colonisation dans le territoire palestinien occup\u00e9 reconnus et d\u00e9nonc\u00e9s dans l\u2019avis historique de la CIJ du 19 juillet 2024<\/li>\n<\/ul>\n\n\n\n<p>Les crimes de guerre et crimes contre l\u2019humanit\u00e9, notamment l\u2019organisation de la famine \u00e0 Gaza, pour lesquels sont recherch\u00e9s le Premier ministre Benyamin Netanyahou et l\u2019ex ministre de la d\u00e9fense Yoav Gallant suite aux mandats d\u2019arr\u00eats internationaux \u00e9mis par la Cour p\u00e9nale internationale le 21 novembre 2024<\/p>\n\n\n\n<ul class=\"wp-block-list\">\n<li>477 personnes auraient \u00e9t\u00e9 tu\u00e9es depuis le d\u00e9but du cessez-le-feu, selon les autorit\u00e9s sanitaires de Gaza. 23 janvier 2026. https:\/\/news.un.org\/fr\/story\/2026\/01\/1158277<\/li>\n<\/ul>\n\n\n\n<p><strong>Informations compl\u00e9mentaires&nbsp;:<\/strong><\/p>\n\n\n\n<p>Beer Sheva est une ville &nbsp;du Sud Negev implant\u00e9e sur l&rsquo;ancienne ville palestinienne de Bir El Saba, d\u2019o\u00f9 furent expuls\u00e9s de milliers de Palestiniens. Elle abrite aujourd\u2019hui une base strat\u00e9gique de l\u2019arm\u00e9e et de l\u2019industrie de d\u00e9fense isra\u00e9lienne ayant servi, en 2018 de lieu de simulation d\u2019une invasion de Gaza.<\/p>\n\n\n\n<p>Bat Yam est dirig\u00e9e par un Maire membre du parti Likoud, Tzvika Brot, proche du criminel de guerre Netanyahou et de Donald Trump dont il a dirig\u00e9 la campagne en Isra\u00ebl en 2016.<\/p>\n\n\n\n<p><\/p>\n","protected":false},"excerpt":{"rendered":"<p>Apr\u00e8s deux ann\u00e9es de campagne g\u00e9nocidaire men\u00e9e par Isra\u00ebl ayant entra\u00een\u00e9 la mort de plus de 70\u00a0000 victimes directes \u00e0 Gaza, dont plus de 80% sont des civils*, et malgr\u00e9 le cessez le feu entr\u00e9 en vigueur le 10 octobre 2025, les actes g\u00e9nocidaires commis par Isra\u00ebl se poursuivent: plus de 400 tu\u00e9s \u00e0 Gaza [&hellip;]<\/p>\n","protected":false},"author":1,"featured_media":0,"parent":0,"menu_order":0,"comment_status":"closed","ping_status":"closed","template":"","meta":{"footnotes":""},"class_list":["post-9","page","type-page","status-publish","hentry"],"_links":{"self":[{"href":"https:\/\/sjilyon.fr\/index.php\/wp-json\/wp\/v2\/pages\/9","targetHints":{"allow":["GET"]}}],"collection":[{"href":"https:\/\/sjilyon.fr\/index.php\/wp-json\/wp\/v2\/pages"}],"about":[{"href":"https:\/\/sjilyon.fr\/index.php\/wp-json\/wp\/v2\/types\/page"}],"author":[{"embeddable":true,"href":"https:\/\/sjilyon.fr\/index.php\/wp-json\/wp\/v2\/users\/1"}],"replies":[{"embeddable":true,"href":"https:\/\/sjilyon.fr\/index.php\/wp-json\/wp\/v2\/comments?post=9"}],"version-history":[{"count":15,"href":"https:\/\/sjilyon.fr\/index.php\/wp-json\/wp\/v2\/pages\/9\/revisions"}],"predecessor-version":[{"id":56,"href":"https:\/\/sjilyon.fr\/index.php\/wp-json\/wp\/v2\/pages\/9\/revisions\/56"}],"wp:attachment":[{"href":"https:\/\/sjilyon.fr\/index.php\/wp-json\/wp\/v2\/media?parent=9"}],"curies":[{"name":"wp","href":"https:\/\/api.w.org\/{rel}","templated":true}]}}